{"id":1060,"date":"2017-09-21T20:28:27","date_gmt":"2017-09-21T20:28:27","guid":{"rendered":"https:\/\/www.lebalcondelabaie.com\/alentours-cancale-mont-saint-michel\/activites-loisirs\/"},"modified":"2017-09-21T20:28:27","modified_gmt":"2017-09-21T18:28:27","slug":"activities-leisure","status":"publish","type":"page","link":"https:\/\/www.lebalcondelabaie.com\/en\/tourism\/activities-leisure\/","title":{"rendered":"Activities &#038; Leisure"},"content":{"rendered":"","protected":false},"excerpt":{"rendered":"","protected":false},"author":3,"featured_media":0,"parent":1057,"menu_order":0,"comment_status":"closed","ping_status":"closed","template":"","meta":{"_acf_changed":false,"footnotes":""},"class_list":["post-1060","page","type-page","status-publish","hentry"],"acf":[],"yoast_head":"<!-- This site is optimized with the Yoast SEO plugin v27.3 - https:\/\/yoast.com\/product\/yoast-seo-wordpress\/ -->\n<title>Activities &amp; Leisure - Camping le Balcon de la Baie %<\/title>\n<meta name=\"description\" content=\"activit\u00e9s loisirs d\u00e9couvertes visite Mont Saint Michel Cancale Saint Malo Bretagne et Normandie mer Ille et Vilaine Baie c\u00f4te\" \/>\n<meta name=\"robots\" content=\"index, follow, max-snippet:-1, max-image-preview:large, max-video-preview:-1\" \/>\n<link rel=\"canonical\" href=\"https:\/\/www.lebalcondelabaie.com\/en\/tourism\/activities-leisure\/\" \/>\n<meta property=\"og:locale\" content=\"en_US\" \/>\n<meta property=\"og:type\" content=\"article\" \/>\n<meta property=\"og:title\" content=\"Activities &amp; Leisure - Camping le Balcon de la Baie %\" \/>\n<meta property=\"og:description\" content=\"activit\u00e9s loisirs d\u00e9couvertes visite Mont Saint Michel Cancale Saint Malo Bretagne et Normandie mer Ille et Vilaine Baie c\u00f4te\" \/>\n<meta property=\"og:url\" content=\"https:\/\/www.lebalcondelabaie.com\/en\/tourism\/activities-leisure\/\" \/>\n<meta property=\"og:site_name\" content=\"Camping le Balcon de la Baie\" \/>\n<meta property=\"article:publisher\" content=\"https:\/\/www.facebook.com\/balcondelabaie\" \/>\n<meta property=\"og:image\" content=\"https:\/\/www.lebalcondelabaie.com\/wp-content\/uploads\/2026\/03\/Camping-Le-Balcon-de-la-Baie.jpg\" \/>\n\t<meta property=\"og:image:width\" content=\"1600\" \/>\n\t<meta property=\"og:image:height\" content=\"900\" \/>\n\t<meta property=\"og:image:type\" content=\"image\/jpeg\" \/>\n<meta name=\"twitter:card\" content=\"summary_large_image\" \/>\n<script type=\"application\/ld+json\" class=\"yoast-schema-graph\">{\"@context\":\"https:\\\/\\\/schema.org\",\"@graph\":[{\"@type\":\"WebPage\",\"@id\":\"https:\\\/\\\/www.lebalcondelabaie.com\\\/en\\\/tourism\\\/activities-leisure\\\/\",\"url\":\"https:\\\/\\\/www.lebalcondelabaie.com\\\/en\\\/tourism\\\/activities-leisure\\\/\",\"name\":\"Activities & Leisure - Camping le Balcon de la Baie %\",\"isPartOf\":{\"@id\":\"https:\\\/\\\/www.lebalcondelabaie.com\\\/en\\\/#website\"},\"datePublished\":\"2017-09-21T20:28:27+00:00\",\"description\":\"activit\u00e9s loisirs d\u00e9couvertes visite Mont Saint Michel Cancale Saint Malo Bretagne et Normandie mer Ille et Vilaine Baie c\u00f4te\",\"breadcrumb\":{\"@id\":\"https:\\\/\\\/www.lebalcondelabaie.com\\\/en\\\/tourism\\\/activities-leisure\\\/#breadcrumb\"},\"inLanguage\":\"en-US\",\"potentialAction\":[{\"@type\":\"ReadAction\",\"target\":[\"https:\\\/\\\/www.lebalcondelabaie.com\\\/en\\\/tourism\\\/activities-leisure\\\/\"]}]},{\"@type\":\"BreadcrumbList\",\"@id\":\"https:\\\/\\\/www.lebalcondelabaie.com\\\/en\\\/tourism\\\/activities-leisure\\\/#breadcrumb\",\"itemListElement\":[{\"@type\":\"ListItem\",\"position\":1,\"name\":\"Camping Mont Saint Michel\",\"item\":\"https:\\\/\\\/www.lebalcondelabaie.com\\\/en\\\/\"},{\"@type\":\"ListItem\",\"position\":2,\"name\":\"Tourism and visits around the campsite\",\"item\":\"https:\\\/\\\/www.lebalcondelabaie.com\\\/en\\\/tourism\\\/\"},{\"@type\":\"ListItem\",\"position\":3,\"name\":\"Activities &#038; Leisure\"}]},{\"@type\":\"WebSite\",\"@id\":\"https:\\\/\\\/www.lebalcondelabaie.com\\\/en\\\/#website\",\"url\":\"https:\\\/\\\/www.lebalcondelabaie.com\\\/en\\\/\",\"name\":\"Camping le Balcon de la Baie du Mont Saint Michel\",\"description\":\"Camping \u00e0 Saint Marcan, pr\u00e8s du Mont St Michel\",\"publisher\":{\"@id\":\"https:\\\/\\\/www.lebalcondelabaie.com\\\/en\\\/#organization\"},\"potentialAction\":[{\"@type\":\"SearchAction\",\"target\":{\"@type\":\"EntryPoint\",\"urlTemplate\":\"https:\\\/\\\/www.lebalcondelabaie.com\\\/en\\\/?s={search_term_string}\"},\"query-input\":{\"@type\":\"PropertyValueSpecification\",\"valueRequired\":true,\"valueName\":\"search_term_string\"}}],\"inLanguage\":\"en-US\"},{\"@type\":\"Organization\",\"@id\":\"https:\\\/\\\/www.lebalcondelabaie.com\\\/en\\\/#organization\",\"name\":\"Camping le Balcon de la Baie\",\"url\":\"https:\\\/\\\/www.lebalcondelabaie.com\\\/en\\\/\",\"logo\":{\"@type\":\"ImageObject\",\"inLanguage\":\"en-US\",\"@id\":\"https:\\\/\\\/www.lebalcondelabaie.com\\\/en\\\/#\\\/schema\\\/logo\\\/image\\\/\",\"url\":\"https:\\\/\\\/www.lebalcondelabaie.com\\\/wp-content\\\/uploads\\\/2026\\\/03\\\/logo-Balcon-de-la-Baie.png\",\"contentUrl\":\"https:\\\/\\\/www.lebalcondelabaie.com\\\/wp-content\\\/uploads\\\/2026\\\/03\\\/logo-Balcon-de-la-Baie.png\",\"width\":800,\"height\":800,\"caption\":\"Camping le Balcon de la Baie\"},\"image\":{\"@id\":\"https:\\\/\\\/www.lebalcondelabaie.com\\\/en\\\/#\\\/schema\\\/logo\\\/image\\\/\"},\"sameAs\":[\"https:\\\/\\\/www.facebook.com\\\/balcondelabaie\",\"https:\\\/\\\/www.instagram.com\\\/campinglebalcondelabaie\\\/\"]}]}<\/script>\n<!-- \/ Yoast SEO plugin. -->","yoast_head_json":{"title":"Activities & Leisure - Camping le Balcon de la Baie %","description":"activit\u00e9s loisirs d\u00e9couvertes visite Mont Saint Michel Cancale Saint Malo Bretagne et Normandie mer Ille et Vilaine Baie c\u00f4te","robots":{"index":"index","follow":"follow","max-snippet":"max-snippet:-1","max-image-preview":"max-image-preview:large","max-video-preview":"max-video-preview:-1"},"canonical":"https:\/\/www.lebalcondelabaie.com\/en\/tourism\/activities-leisure\/","og_locale":"en_US","og_type":"article","og_title":"Activities & Leisure - Camping le Balcon de la Baie %","og_description":"activit\u00e9s loisirs d\u00e9couvertes visite Mont Saint Michel Cancale Saint Malo Bretagne et Normandie mer Ille et Vilaine Baie c\u00f4te","og_url":"https:\/\/www.lebalcondelabaie.com\/en\/tourism\/activities-leisure\/","og_site_name":"Camping le Balcon de la Baie","article_publisher":"https:\/\/www.facebook.com\/balcondelabaie","og_image":[{"width":1600,"height":900,"url":"https:\/\/www.lebalcondelabaie.com\/wp-content\/uploads\/2026\/03\/Camping-Le-Balcon-de-la-Baie.jpg","type":"image\/jpeg"}],"twitter_card":"summary_large_image","schema":{"@context":"https:\/\/schema.org","@graph":[{"@type":"WebPage","@id":"https:\/\/www.lebalcondelabaie.com\/en\/tourism\/activities-leisure\/","url":"https:\/\/www.lebalcondelabaie.com\/en\/tourism\/activities-leisure\/","name":"Activities & Leisure - Camping le Balcon de la Baie %","isPartOf":{"@id":"https:\/\/www.lebalcondelabaie.com\/en\/#website"},"datePublished":"2017-09-21T20:28:27+00:00","description":"activit\u00e9s loisirs d\u00e9couvertes visite Mont Saint Michel Cancale Saint Malo Bretagne et Normandie mer Ille et Vilaine Baie c\u00f4te","breadcrumb":{"@id":"https:\/\/www.lebalcondelabaie.com\/en\/tourism\/activities-leisure\/#breadcrumb"},"inLanguage":"en-US","potentialAction":[{"@type":"ReadAction","target":["https:\/\/www.lebalcondelabaie.com\/en\/tourism\/activities-leisure\/"]}]},{"@type":"BreadcrumbList","@id":"https:\/\/www.lebalcondelabaie.com\/en\/tourism\/activities-leisure\/#breadcrumb","itemListElement":[{"@type":"ListItem","position":1,"name":"Camping Mont Saint Michel","item":"https:\/\/www.lebalcondelabaie.com\/en\/"},{"@type":"ListItem","position":2,"name":"Tourism and visits around the campsite","item":"https:\/\/www.lebalcondelabaie.com\/en\/tourism\/"},{"@type":"ListItem","position":3,"name":"Activities &#038; Leisure"}]},{"@type":"WebSite","@id":"https:\/\/www.lebalcondelabaie.com\/en\/#website","url":"https:\/\/www.lebalcondelabaie.com\/en\/","name":"Camping le Balcon de la Baie du Mont Saint Michel","description":"Camping \u00e0 Saint Marcan, pr\u00e8s du Mont St Michel","publisher":{"@id":"https:\/\/www.lebalcondelabaie.com\/en\/#organization"},"potentialAction":[{"@type":"SearchAction","target":{"@type":"EntryPoint","urlTemplate":"https:\/\/www.lebalcondelabaie.com\/en\/?s={search_term_string}"},"query-input":{"@type":"PropertyValueSpecification","valueRequired":true,"valueName":"search_term_string"}}],"inLanguage":"en-US"},{"@type":"Organization","@id":"https:\/\/www.lebalcondelabaie.com\/en\/#organization","name":"Camping le Balcon de la Baie","url":"https:\/\/www.lebalcondelabaie.com\/en\/","logo":{"@type":"ImageObject","inLanguage":"en-US","@id":"https:\/\/www.lebalcondelabaie.com\/en\/#\/schema\/logo\/image\/","url":"https:\/\/www.lebalcondelabaie.com\/wp-content\/uploads\/2026\/03\/logo-Balcon-de-la-Baie.png","contentUrl":"https:\/\/www.lebalcondelabaie.com\/wp-content\/uploads\/2026\/03\/logo-Balcon-de-la-Baie.png","width":800,"height":800,"caption":"Camping le Balcon de la Baie"},"image":{"@id":"https:\/\/www.lebalcondelabaie.com\/en\/#\/schema\/logo\/image\/"},"sameAs":["https:\/\/www.facebook.com\/balcondelabaie","https:\/\/www.instagram.com\/campinglebalcondelabaie\/"]}]}},"_links":{"self":[{"href":"https:\/\/www.lebalcondelabaie.com\/en\/wp-json\/wp\/v2\/pages\/1060","targetHints":{"allow":["GET"]}}],"collection":[{"href":"https:\/\/www.lebalcondelabaie.com\/en\/wp-json\/wp\/v2\/pages"}],"about":[{"href":"https:\/\/www.lebalcondelabaie.com\/en\/wp-json\/wp\/v2\/types\/page"}],"author":[{"embeddable":true,"href":"https:\/\/www.lebalcondelabaie.com\/en\/wp-json\/wp\/v2\/users\/3"}],"replies":[{"embeddable":true,"href":"https:\/\/www.lebalcondelabaie.com\/en\/wp-json\/wp\/v2\/comments?post=1060"}],"version-history":[{"count":0,"href":"https:\/\/www.lebalcondelabaie.com\/en\/wp-json\/wp\/v2\/pages\/1060\/revisions"}],"up":[{"embeddable":true,"href":"https:\/\/www.lebalcondelabaie.com\/en\/wp-json\/wp\/v2\/pages\/1057"}],"wp:attachment":[{"href":"https:\/\/www.lebalcondelabaie.com\/en\/wp-json\/wp\/v2\/media?parent=1060"}],"curies":[{"name":"wp","href":"https:\/\/api.w.org\/{rel}","templated":true}]}}